{"id":42,"date":"2024-02-19T10:46:58","date_gmt":"2024-02-19T13:46:58","guid":{"rendered":"http:\/\/tonis.com.br\/?page_id=42"},"modified":"2025-11-14T14:18:56","modified_gmt":"2025-11-14T17:18:56","slug":"promocoes","status":"publish","type":"page","link":"https:\/\/tonis.com.br\/index.php\/promocoes\/","title":{"rendered":"Promo\u00e7\u00f5es"},"content":{"rendered":"\n<div class=\"wp-block-media-text is-stacked-on-mobile\"><figure class=\"wp-block-media-text__media\"><img loading=\"lazy\" decoding=\"async\" width=\"582\" height=\"582\" src=\"http:\/\/tonis.com.br\/wp-content\/uploads\/2024\/02\/promocao-refri.jpg\" alt=\"\" class=\"wp-image-191 size-full\" srcset=\"https:\/\/tonis.com.br\/wp-content\/uploads\/2024\/02\/promocao-refri.jpg 582w, https:\/\/tonis.com.br\/wp-content\/uploads\/2024\/02\/promocao-refri-300x300.jpg 300w, https:\/\/tonis.com.br\/wp-content\/uploads\/2024\/02\/promocao-refri-150x150.jpg 150w, https:\/\/tonis.com.br\/wp-content\/uploads\/2024\/02\/promocao-refri-250x250.jpg 250w, https:\/\/tonis.com.br\/wp-content\/uploads\/2024\/02\/promocao-refri-100x100.jpg 100w\" sizes=\"(max-width: 582px) 100vw, 582px\" \/><\/figure><div class=\"wp-block-media-text__content\">\n<p>PROMO REFRI!<\/p>\n\n\n\n<p><font style=\"vertical-align: inherit;\"><font style=\"vertical-align: inherit;\">Pedidos acima de R$ <\/font><\/font>104, <font style=\"vertical-align: inherit;\"><font style=\"vertical-align: inherit;\">00 reais (exceto bebidas) <\/font><\/font><br><font style=\"vertical-align: inherit;\"><font style=\"vertical-align: inherit;\">Ganhe um refrigerante de 2 Litros<\/font><\/font><\/p>\n\n\n\n<ul>\n<li>Promo\u00e7\u00e3o v\u00e1lida para entrega em domic\u00edlio.<\/li>\n<\/ul>\n<\/div><\/div>\n","protected":false},"excerpt":{"rendered":"","protected":false},"author":1,"featured_media":0,"parent":0,"menu_order":0,"comment_status":"closed","ping_status":"closed","template":"","meta":{"footnotes":""},"_links":{"self":[{"href":"https:\/\/tonis.com.br\/index.php\/wp-json\/wp\/v2\/pages\/42"}],"collection":[{"href":"https:\/\/tonis.com.br\/index.php\/wp-json\/wp\/v2\/pages"}],"about":[{"href":"https:\/\/tonis.com.br\/index.php\/wp-json\/wp\/v2\/types\/page"}],"author":[{"embeddable":true,"href":"https:\/\/tonis.com.br\/index.php\/wp-json\/wp\/v2\/users\/1"}],"replies":[{"embeddable":true,"href":"https:\/\/tonis.com.br\/index.php\/wp-json\/wp\/v2\/comments?post=42"}],"version-history":[{"count":5,"href":"https:\/\/tonis.com.br\/index.php\/wp-json\/wp\/v2\/pages\/42\/revisions"}],"predecessor-version":[{"id":276,"href":"https:\/\/tonis.com.br\/index.php\/wp-json\/wp\/v2\/pages\/42\/revisions\/276"}],"wp:attachment":[{"href":"https:\/\/tonis.com.br\/index.php\/wp-json\/wp\/v2\/media?parent=42"}],"curies":[{"name":"wp","href":"https:\/\/api.w.org\/{rel}","templated":true}]}}