{"id":25,"date":"2024-02-19T10:38:23","date_gmt":"2024-02-19T13:38:23","guid":{"rendered":"http:\/\/tonis.com.br\/?page_id=25"},"modified":"2025-04-22T11:50:11","modified_gmt":"2025-04-22T14:50:11","slug":"cardapio","status":"publish","type":"page","link":"https:\/\/tonis.com.br\/index.php\/cardapio\/","title":{"rendered":"Card\u00e1pio"},"content":{"rendered":"\n<div style=\"height:40px\" aria-hidden=\"true\" class=\"wp-block-spacer\"><\/div>\n\n\n\n<figure class=\"wp-block-gallery has-nested-images columns-4 is-cropped wp-block-gallery-1 is-layout-flex wp-block-gallery-is-layout-flex\">\n<figure class=\"wp-block-image size-thumbnail\"><a href=\"http:\/\/tonis.com.br\/index.php\/a-la-carte\/\"><img loading=\"lazy\" decoding=\"async\" width=\"150\" height=\"150\" data-id=\"113\" src=\"http:\/\/tonis.com.br\/wp-content\/uploads\/2024\/02\/1cardapio-a-la-carte-150x150.jpg\" alt=\"\" class=\"wp-image-113\" srcset=\"https:\/\/tonis.com.br\/wp-content\/uploads\/2024\/02\/1cardapio-a-la-carte-150x150.jpg 150w, https:\/\/tonis.com.br\/wp-content\/uploads\/2024\/02\/1cardapio-a-la-carte-300x300.jpg 300w, https:\/\/tonis.com.br\/wp-content\/uploads\/2024\/02\/1cardapio-a-la-carte-250x250.jpg 250w, https:\/\/tonis.com.br\/wp-content\/uploads\/2024\/02\/1cardapio-a-la-carte-100x100.jpg 100w, https:\/\/tonis.com.br\/wp-content\/uploads\/2024\/02\/1cardapio-a-la-carte.jpg 582w\" sizes=\"(max-width: 150px) 100vw, 150px\" \/><\/a><figcaption class=\"wp-element-caption\">A la Carte<\/figcaption><\/figure>\n\n\n\n<figure class=\"wp-block-image size-large\"><a href=\"http:\/\/tonis.com.br\/index.php\/massas\/\"><img loading=\"lazy\" decoding=\"async\" width=\"581\" height=\"582\" data-id=\"114\" src=\"http:\/\/tonis.com.br\/wp-content\/uploads\/2024\/02\/2cardapio-massas.jpg\" alt=\"\" class=\"wp-image-114\" srcset=\"https:\/\/tonis.com.br\/wp-content\/uploads\/2024\/02\/2cardapio-massas.jpg 581w, https:\/\/tonis.com.br\/wp-content\/uploads\/2024\/02\/2cardapio-massas-300x300.jpg 300w, https:\/\/tonis.com.br\/wp-content\/uploads\/2024\/02\/2cardapio-massas-150x150.jpg 150w, https:\/\/tonis.com.br\/wp-content\/uploads\/2024\/02\/2cardapio-massas-250x250.jpg 250w, https:\/\/tonis.com.br\/wp-content\/uploads\/2024\/02\/2cardapio-massas-100x100.jpg 100w\" sizes=\"(max-width: 581px) 100vw, 581px\" \/><\/a><figcaption class=\"wp-element-caption\">Massas<\/figcaption><\/figure>\n\n\n\n<figure class=\"wp-block-image size-large\"><a href=\"http:\/\/tonis.com.br\/index.php\/monte-seu-prato\/\"><img loading=\"lazy\" decoding=\"async\" width=\"582\" height=\"581\" data-id=\"115\" src=\"http:\/\/tonis.com.br\/wp-content\/uploads\/2024\/02\/3cardapio-monte-seu-prato.jpg\" alt=\"\" class=\"wp-image-115\" srcset=\"https:\/\/tonis.com.br\/wp-content\/uploads\/2024\/02\/3cardapio-monte-seu-prato.jpg 582w, https:\/\/tonis.com.br\/wp-content\/uploads\/2024\/02\/3cardapio-monte-seu-prato-300x300.jpg 300w, https:\/\/tonis.com.br\/wp-content\/uploads\/2024\/02\/3cardapio-monte-seu-prato-150x150.jpg 150w, https:\/\/tonis.com.br\/wp-content\/uploads\/2024\/02\/3cardapio-monte-seu-prato-250x250.jpg 250w, https:\/\/tonis.com.br\/wp-content\/uploads\/2024\/02\/3cardapio-monte-seu-prato-100x100.jpg 100w\" sizes=\"(max-width: 582px) 100vw, 582px\" \/><\/a><figcaption class=\"wp-element-caption\">Monte seu Prato<\/figcaption><\/figure>\n\n\n\n<figure class=\"wp-block-image size-large\"><a href=\"http:\/\/tonis.com.br\/index.php\/sanduiches\/\"><img loading=\"lazy\" decoding=\"async\" width=\"581\" height=\"581\" data-id=\"116\" src=\"http:\/\/tonis.com.br\/wp-content\/uploads\/2024\/02\/4cardapio-sanduiches.jpg\" alt=\"\" class=\"wp-image-116\" srcset=\"https:\/\/tonis.com.br\/wp-content\/uploads\/2024\/02\/4cardapio-sanduiches.jpg 581w, https:\/\/tonis.com.br\/wp-content\/uploads\/2024\/02\/4cardapio-sanduiches-300x300.jpg 300w, https:\/\/tonis.com.br\/wp-content\/uploads\/2024\/02\/4cardapio-sanduiches-150x150.jpg 150w, https:\/\/tonis.com.br\/wp-content\/uploads\/2024\/02\/4cardapio-sanduiches-250x250.jpg 250w, https:\/\/tonis.com.br\/wp-content\/uploads\/2024\/02\/4cardapio-sanduiches-100x100.jpg 100w\" sizes=\"(max-width: 581px) 100vw, 581px\" \/><\/a><figcaption class=\"wp-element-caption\">Sanduiches<\/figcaption><\/figure>\n\n\n\n<figure class=\"wp-block-image size-large\"><a href=\"http:\/\/tonis.com.br\/index.php\/petiscos\/\"><img loading=\"lazy\" decoding=\"async\" width=\"582\" height=\"582\" data-id=\"117\" src=\"http:\/\/tonis.com.br\/wp-content\/uploads\/2024\/02\/5cardapio-petiscos.jpg\" alt=\"\" class=\"wp-image-117\" srcset=\"https:\/\/tonis.com.br\/wp-content\/uploads\/2024\/02\/5cardapio-petiscos.jpg 582w, https:\/\/tonis.com.br\/wp-content\/uploads\/2024\/02\/5cardapio-petiscos-300x300.jpg 300w, https:\/\/tonis.com.br\/wp-content\/uploads\/2024\/02\/5cardapio-petiscos-150x150.jpg 150w, https:\/\/tonis.com.br\/wp-content\/uploads\/2024\/02\/5cardapio-petiscos-250x250.jpg 250w, https:\/\/tonis.com.br\/wp-content\/uploads\/2024\/02\/5cardapio-petiscos-100x100.jpg 100w\" sizes=\"(max-width: 582px) 100vw, 582px\" \/><\/a><figcaption class=\"wp-element-caption\">Petiscos<\/figcaption><\/figure>\n\n\n\n<figure class=\"wp-block-image size-large\"><a href=\"http:\/\/tonis.com.br\/index.php\/pizzas\/\"><img loading=\"lazy\" decoding=\"async\" width=\"582\" height=\"581\" data-id=\"118\" src=\"http:\/\/tonis.com.br\/wp-content\/uploads\/2024\/02\/6cardapio-pizzas.jpg\" alt=\"\" class=\"wp-image-118\" srcset=\"https:\/\/tonis.com.br\/wp-content\/uploads\/2024\/02\/6cardapio-pizzas.jpg 582w, https:\/\/tonis.com.br\/wp-content\/uploads\/2024\/02\/6cardapio-pizzas-300x300.jpg 300w, https:\/\/tonis.com.br\/wp-content\/uploads\/2024\/02\/6cardapio-pizzas-150x150.jpg 150w, https:\/\/tonis.com.br\/wp-content\/uploads\/2024\/02\/6cardapio-pizzas-250x250.jpg 250w, https:\/\/tonis.com.br\/wp-content\/uploads\/2024\/02\/6cardapio-pizzas-100x100.jpg 100w\" sizes=\"(max-width: 582px) 100vw, 582px\" \/><\/a><figcaption class=\"wp-element-caption\">Pizzas<\/figcaption><\/figure>\n\n\n\n<figure class=\"wp-block-image size-large\"><a href=\"http:\/\/tonis.com.br\/index.php\/sobremesas\/\"><img loading=\"lazy\" decoding=\"async\" width=\"582\" height=\"582\" data-id=\"119\" src=\"http:\/\/tonis.com.br\/wp-content\/uploads\/2024\/02\/7cardapio-sobremesas.jpg\" alt=\"\" class=\"wp-image-119\" srcset=\"https:\/\/tonis.com.br\/wp-content\/uploads\/2024\/02\/7cardapio-sobremesas.jpg 582w, https:\/\/tonis.com.br\/wp-content\/uploads\/2024\/02\/7cardapio-sobremesas-300x300.jpg 300w, https:\/\/tonis.com.br\/wp-content\/uploads\/2024\/02\/7cardapio-sobremesas-150x150.jpg 150w, https:\/\/tonis.com.br\/wp-content\/uploads\/2024\/02\/7cardapio-sobremesas-250x250.jpg 250w, https:\/\/tonis.com.br\/wp-content\/uploads\/2024\/02\/7cardapio-sobremesas-100x100.jpg 100w\" sizes=\"(max-width: 582px) 100vw, 582px\" \/><\/a><figcaption class=\"wp-element-caption\">Sobremesas<\/figcaption><\/figure>\n\n\n\n<figure class=\"wp-block-image size-large\"><img loading=\"lazy\" decoding=\"async\" width=\"582\" height=\"581\" data-id=\"120\" src=\"http:\/\/tonis.com.br\/wp-content\/uploads\/2024\/02\/8cardapio-bebidas.jpg\" alt=\"\" class=\"wp-image-120\" srcset=\"https:\/\/tonis.com.br\/wp-content\/uploads\/2024\/02\/8cardapio-bebidas.jpg 582w, https:\/\/tonis.com.br\/wp-content\/uploads\/2024\/02\/8cardapio-bebidas-300x300.jpg 300w, https:\/\/tonis.com.br\/wp-content\/uploads\/2024\/02\/8cardapio-bebidas-150x150.jpg 150w, https:\/\/tonis.com.br\/wp-content\/uploads\/2024\/02\/8cardapio-bebidas-250x250.jpg 250w, https:\/\/tonis.com.br\/wp-content\/uploads\/2024\/02\/8cardapio-bebidas-100x100.jpg 100w\" sizes=\"(max-width: 582px) 100vw, 582px\" \/><figcaption class=\"wp-element-caption\">Bebidas<\/figcaption><\/figure>\n<\/figure>\n\n\n\n<ul>\n<li>Todos os valores do card\u00e1pio j\u00e1 t\u00eam inclu\u00edda a taxa de entrega para Petr\u00f3polis\/RJ.<\/li>\n<\/ul>\n","protected":false},"excerpt":{"rendered":"","protected":false},"author":1,"featured_media":0,"parent":0,"menu_order":0,"comment_status":"closed","ping_status":"closed","template":"","meta":{"footnotes":""},"_links":{"self":[{"href":"https:\/\/tonis.com.br\/index.php\/wp-json\/wp\/v2\/pages\/25"}],"collection":[{"href":"https:\/\/tonis.com.br\/index.php\/wp-json\/wp\/v2\/pages"}],"about":[{"href":"https:\/\/tonis.com.br\/index.php\/wp-json\/wp\/v2\/types\/page"}],"author":[{"embeddable":true,"href":"https:\/\/tonis.com.br\/index.php\/wp-json\/wp\/v2\/users\/1"}],"replies":[{"embeddable":true,"href":"https:\/\/tonis.com.br\/index.php\/wp-json\/wp\/v2\/comments?post=25"}],"version-history":[{"count":17,"href":"https:\/\/tonis.com.br\/index.php\/wp-json\/wp\/v2\/pages\/25\/revisions"}],"predecessor-version":[{"id":250,"href":"https:\/\/tonis.com.br\/index.php\/wp-json\/wp\/v2\/pages\/25\/revisions\/250"}],"wp:attachment":[{"href":"https:\/\/tonis.com.br\/index.php\/wp-json\/wp\/v2\/media?parent=25"}],"curies":[{"name":"wp","href":"https:\/\/api.w.org\/{rel}","templated":true}]}}